{"id":11,"date":"2024-10-09T19:02:16","date_gmt":"2024-10-09T22:02:16","guid":{"rendered":"https:\/\/bluebar.b2wdigitalmedia.com.br\/?page_id=11"},"modified":"2025-12-03T10:43:20","modified_gmt":"2025-12-03T13:43:20","slug":"bebidas","status":"publish","type":"page","link":"https:\/\/bluebar.b2wdigitalmedia.com.br\/","title":{"rendered":"C\u00c1RDAPIO"},"content":{"rendered":"\n<div class=\"wp-block-columns is-not-stacked-on-mobile has-white-color has-black-background-color has-text-color has-background has-link-color wp-elements-f6b2a37ff1e610ef5cdb2224b1db3a5e is-layout-flex wp-container-core-columns-is-layout-9d6595d7 wp-block-columns-is-layout-flex\">\n<div class=\"wp-block-column is-layout-flow wp-block-column-is-layout-flow\" style=\"flex-basis:60%\">\n<p class=\"has-small-font-size\">BEBIDAS<br><br>\u00c1GUA SEM G\u00c1S <br>\u00c1GUA COM G\u00c1S <br><br>H2O <br>REFRI LATA <br>\u00c1GUA T\u00d4NICA <br>\u00c1GUA DE COCO <br><br>SUCO NATURAL <br>SUCO COM LEITE <br><br>RED BULL <br><br><br><br>CERVEJAS 600<br><br>ORIGINAL<br>SPATEN<br>HEINEKEN<br>STELLA<br>BRAHMA DUP MALTE<br>SKOL<br>SERRA MALTE<br><br><br>LONG NECK<br><br><br>HEINEKEN<br>HEINEKEN ZERO<br>STELLA<br>CORONA<br>CORONA ZERO<br>SKOL BEATS<br><br>SMIRNOFF ICE<br>XEQUE MATE<br><br><br>CAIPIRINHAS<br><br>CACHA\u00c7A TRADIC<br>CACHA\u00c7A ESPEC<br>CAIPIROSKA BALENA<br><br>VODKA ABSOLUT<br>VODKA CIROC<br>VODKA SMIRNOFF<br><br>SAKERINHA<br>KARIRI COM MEL<br><br><br>DRINKS <br><br>CL\u00c1SSICOS<br>APEROL SPRITZ<br>NEGRONE<br>MOJITO<\/p>\n\n\n\n<p class=\"has-small-font-size\">COSMOPOLITAN<br>MARGARITA<br>MARGARITA BLUE<br>SEX ON THE BEACH<br>WHISK SOUR<br>PINA COLADA<br>DRY MARTINI<br>FITZGERALD<br><br>GINS<br><br>GIN T\u00d4NICA<br>TANQUERAY<br>BOMBAY<br>GORDON&#8217;S<br><br><br>DESTILADOS DOSES<br><br>VODKA SMIRNOFF<br>VODKA ABSOLUT<br>VODKA CIROC<br><br>WHISK<\/p>\n\n\n\n<p class=\"has-small-font-size\">RED LABEL<br>WHITE HORSE<br>CHIVAS<br>BLACK LABEL<br>BUCANAS<br>OLD PAR<br>JACK DANIELS<br>BALLANTINES<br><br><\/p>\n\n\n\n<p class=\"has-small-font-size\"><\/p>\n<\/div>\n\n\n\n<div class=\"wp-block-column is-layout-flow wp-block-column-is-layout-flow\" style=\"flex-basis:30.76%\">\n<p class=\"has-small-font-size\"><br><br><strong>R$ 5,00<br>R$ 6,00<br><br>R$ 12,00<br>R$ 9,00<br>R$ 10,00<br>R$ 8,00<br><br>R$ 17,00<br>R$ 19,00<br><br>R$ 19,00<\/strong><br><br><br><br><br><br><strong>R$ 17,00<\/strong><br><strong>R$ 19,00<\/strong><br><strong>R$ 20,00<\/strong><br><strong>R$ 20,00<\/strong><br><strong>R$ 17,00<\/strong><br><strong>R$ 15,00<\/strong><br><strong>R$ 18,00<\/strong><br><br><br><br><br><br><strong>R$ 15,00<\/strong><br>R$ 15,00<br><strong>R$ 15,00<\/strong><br><strong>R$ 15,00<\/strong><br><strong>R$ 15,00<\/strong><br><strong>R$ 18,00<\/strong><br><br><strong>R$ 18,00<\/strong><br><strong>R$ 20,00<\/strong><br><br><br><br><br>R$ 28,00<br>R$ 33,00<br>R$ 50,00<br><br>R$ 37,00<br>R$ 42,00<br>R$ 35,00<br><br>R$ 33,00<br>R$ 19,00<br><br><br><br><br>R$ 39,00<br>R$ 39,00<br>R$ 39,00<br>R$ 39,00<br><br>R$ 39,00<br>R$ 39,00<br>R$ 39,00<br>R$ 39,00<br>R$ 39,00<br>R$ 39,00<br>R$ 39,00<br>R$ 39,00<br><br><br><br>R$ 35,00<br>R$ 35,00<br>R$ 35,00<br>R$ 35,00<br><br><br><\/p>\n\n\n\n<p class=\"has-small-font-size\"><br>R$ 19,00<br>R$ 26,00<br>R$ 32,00<br><\/p>\n\n\n\n<p class=\"has-small-font-size\"><br><br>R$ 28,00<br>R$ 24,00<br>R$ 35,00<br>R$ 35,00<br>R$ 35,00<br>R$ 35,00<br>R$ 35,00<br>R$ 33,00<\/p>\n\n\n\n<p class=\"has-small-font-size\"><br><\/p>\n<\/div>\n<\/div>\n\n\n\n<p class=\"has-vivid-red-color has-text-color has-link-color wp-elements-c9365267f914bd71ea50e5e539e3962b\"><\/p>\n\n\n\n<div class=\"wp-block-columns is-not-stacked-on-mobile has-white-color has-black-background-color has-text-color has-background has-link-color wp-elements-5e8e3897c4f60fbc96bf0b06d09194a0 is-layout-flex wp-container-core-columns-is-layout-9d6595d7 wp-block-columns-is-layout-flex\">\n<div class=\"wp-block-column is-layout-flow wp-block-column-is-layout-flow\" style=\"flex-basis:60%\">\n<p class=\"has-small-font-size\">TEQUILAS<br><br>JOS\u00c9 CUERVO OURO<br>JOS\u00c9 CUERVO PRATA<br><br>CACHA\u00c7AS<br><br>SELETA<br>SALINAS<br>BOAZINHA<br>MATUTA<br>YPIOCA<br>BUSCA VIDA<br>CANELINHA<br>DOMECQ<br>DREHER<br>FERNET<br>CAMPARI<br>BACARDI<\/p>\n<\/div>\n\n\n\n<div class=\"wp-block-column is-layout-flow wp-block-column-is-layout-flow\" style=\"flex-basis:30.76%\">\n<p class=\"has-small-font-size\"><strong><br><br><strong>R$  19,00<\/strong><br><strong>R$  19,00<\/strong><br><br><br><\/strong><br>R$ 12,00<br>R$ 12,00<br>R$ 12,00<br>R$ 12,00<br>R$ 10,00<br>R$ 18,00<br>R$ 12,00<br>R$ 12,00<br>R$ 10,00<br>R$ 18,00<br>R$ 19,00<br>R$ 14,00<\/p>\n<\/div>\n<\/div>\n\n\n\n<div class=\"wp-block-columns is-not-stacked-on-mobile has-white-color has-black-background-color has-text-color has-background has-link-color wp-elements-ad70dbdb1a5953435361c4f6e59125e4 is-layout-flex wp-container-core-columns-is-layout-9d6595d7 wp-block-columns-is-layout-flex\">\n<div class=\"wp-block-column is-layout-flow wp-block-column-is-layout-flow\" style=\"flex-basis:60%\">\n<p class=\"has-small-font-size\">POR\u00c7\u00c3O<br><br>PICANHA COM QUEIHO<br>CONTRA FIL\u00c9<br>FRANGO A PASSA<br>CALABRESA C\/ FRITAS<br>BOLINHO CARNE SECA<br>BOLINHO BACALHAU<br>BOLINHO DE QUEIJO<br>DADINHO TAPIOCA<br>PASTELZINHO<br>PROVOLONE<br>ISCA DE FRANGO<br>ISCA DE PEIXE<br>SALAME<br>AZEITONA<br>TORRESMO<br>TABUA DE FRIOS<br>BATATA FRITA<br>BATATA C\/ CHEEDAR &amp; BACON<\/p>\n<\/div>\n\n\n\n<div class=\"wp-block-column is-layout-flow wp-block-column-is-layout-flow\" style=\"flex-basis:30.76%\">\n<p class=\"has-small-font-size\"><strong><br><br><strong>R$  99,00<\/strong><br><strong>R$  89,00<\/strong><\/strong><br>R$  54,00<br>R$  52,00<br>R$  45,00<br>R$  53,00<br>R$ 43,00<br>R$ 47,00<br>R$ 44,00<br>R$ 58,00<strong><br>R$ 46,00<br>R$ 52,00<\/strong><br>R$ 34,00<br>R$ 29,00<br>R$ 47,00<br>R$ 57,00<br>R$ 42,00<br>R$ 48,00<\/p>\n\n\n\n<p class=\"has-small-font-size\"><strong><br><\/strong><\/p>\n<\/div>\n<\/div>\n\n\n\n<div class=\"wp-block-columns is-not-stacked-on-mobile has-white-color has-black-background-color has-text-color has-background has-link-color wp-elements-d6ac6967f71afbb89adac507973f5ce2 is-layout-flex wp-container-core-columns-is-layout-9d6595d7 wp-block-columns-is-layout-flex\">\n<div class=\"wp-block-column is-layout-flow wp-block-column-is-layout-flow\" style=\"flex-basis:60%\">\n<p class=\"has-small-font-size\">PRATOS<br><br>PICANHA<br>CONTRA FIL\u00c9<br>BIFE \u00c0 PARMEGIANA<br>BIFE \u00c0 MILANESA<br>FIL\u00c9 DE FRANGO<br>FRANCO  \u00c0 PARMEGIANA<br>FIL\u00c9 DE TIL\u00c1PIA<br>FRANGO \u00c0 MILANESA<br>OMELETE<br>BERINGELA PARMEGIANA<\/p>\n<\/div>\n\n\n\n<div class=\"wp-block-column is-layout-flow wp-block-column-is-layout-flow\" style=\"flex-basis:30.76%\">\n<p class=\"has-small-font-size\"><strong><br><br><strong>R$ 55,00<\/strong><br><strong>R$ 47,00<\/strong><\/strong><br>R$ 49,00<br>R$ 39,00<br>R$ 32,00<br>R$ 43,00<br>R$ 39,00<br>R$ 37,00<br>R$ 29,00<br>R$ 34,00<\/p>\n<\/div>\n<\/div>\n\n\n\n<div class=\"wp-block-columns is-not-stacked-on-mobile has-white-color has-black-background-color has-text-color has-background has-link-color wp-elements-6a409b4735819ad152639d1b9061fc22 is-layout-flex wp-container-core-columns-is-layout-9d6595d7 wp-block-columns-is-layout-flex\">\n<div class=\"wp-block-column is-layout-flow wp-block-column-is-layout-flow\" style=\"flex-basis:60%\">\n<p class=\"has-small-font-size\">PRATOS P\/ 2 PESSOAS<br><br>PICANHA<br>CONTRA FIL\u00c9<br>TILAPIA FRITA<br>FRANCO \u00c0 PARMEGIANA<br>BIFE \u00c0 PARMEGIANA<br><br>GUARNI\u00c7\u00d5ES<br><br>ARROZ<br>BAI\u00c3O<br>FEIJ\u00c3O<br><br>SALADA<\/p>\n<\/div>\n\n\n\n<div class=\"wp-block-column is-layout-flow wp-block-column-is-layout-flow\" style=\"flex-basis:30.76%\">\n<p class=\"has-small-font-size\"><strong><br><br><strong>R$ 155,00<\/strong><br><strong>R$  98,00<\/strong><\/strong><br>R$  99,00<br>R$ 79,00<br>R$ 89,00<br><br><br><br>R$ 15,00<br>R$ 18,00<br>R$ 13,00<br><br>R$ 13,00<\/p>\n<\/div>\n<\/div>\n\n\n\n<div class=\"wp-block-columns is-not-stacked-on-mobile has-white-color has-black-background-color has-text-color has-background has-link-color wp-elements-6affc910fd09ccbf65c7c2dd0b45302d is-layout-flex wp-container-core-columns-is-layout-9d6595d7 wp-block-columns-is-layout-flex\">\n<div class=\"wp-block-column is-layout-flow wp-block-column-is-layout-flow\" style=\"flex-basis:60%\">\n<p class=\"has-small-font-size\">LANCHES C\/ FRITAS<br><br>X-BURGUER<br>X-BACON<br>X-SALADA<br>X-FILE DE FRANGO<br>X-EGG<br>X-CALABRESA<br>X-TUDO<br><br><br>SOBREMESAS<br><br>P\u00c9TIT GATEAU<br>SORVETE 3 BOLAS<\/p>\n<\/div>\n\n\n\n<div class=\"wp-block-column is-layout-flow wp-block-column-is-layout-flow\" style=\"flex-basis:30.76%\">\n<p class=\"has-small-font-size\"><strong><br><br><strong>R$ 30,00<\/strong><br><strong>R$ 36,00<\/strong><\/strong><br>R$ 34,00<br>R$ 32,00<br>R$ 33,00<br>R$ 36,00<br>R$ 40,00<br><br><br><br><br>R$ 22,00<br>R$ 16,00<br><\/p>\n<\/div>\n<\/div>\n","protected":false},"excerpt":{"rendered":"<p>BEBIDAS \u00c1GUA SEM G\u00c1S \u00c1GUA COM G\u00c1S H2O REFRI LATA \u00c1GUA T\u00d4NICA \u00c1GUA DE COCO SUCO NATURAL SUCO COM LEITE RED BULL CERVEJAS 600 ORIGINALSPATENHEINEKENSTELLABRAHMA [&hellip;]<\/p>\n","protected":false},"author":1,"featured_media":0,"parent":0,"menu_order":0,"comment_status":"closed","ping_status":"closed","template":"","meta":{"footnotes":""},"class_list":["post-11","page","type-page","status-publish","hentry"],"_links":{"self":[{"href":"https:\/\/bluebar.b2wdigitalmedia.com.br\/index.php?rest_route=\/wp\/v2\/pages\/11","targetHints":{"allow":["GET"]}}],"collection":[{"href":"https:\/\/bluebar.b2wdigitalmedia.com.br\/index.php?rest_route=\/wp\/v2\/pages"}],"about":[{"href":"https:\/\/bluebar.b2wdigitalmedia.com.br\/index.php?rest_route=\/wp\/v2\/types\/page"}],"author":[{"embeddable":true,"href":"https:\/\/bluebar.b2wdigitalmedia.com.br\/index.php?rest_route=\/wp\/v2\/users\/1"}],"replies":[{"embeddable":true,"href":"https:\/\/bluebar.b2wdigitalmedia.com.br\/index.php?rest_route=%2Fwp%2Fv2%2Fcomments&post=11"}],"version-history":[{"count":146,"href":"https:\/\/bluebar.b2wdigitalmedia.com.br\/index.php?rest_route=\/wp\/v2\/pages\/11\/revisions"}],"predecessor-version":[{"id":306,"href":"https:\/\/bluebar.b2wdigitalmedia.com.br\/index.php?rest_route=\/wp\/v2\/pages\/11\/revisions\/306"}],"wp:attachment":[{"href":"https:\/\/bluebar.b2wdigitalmedia.com.br\/index.php?rest_route=%2Fwp%2Fv2%2Fmedia&parent=11"}],"curies":[{"name":"wp","href":"https:\/\/api.w.org\/{rel}","templated":true}]}}